{"id":22,"date":"2024-11-05T18:53:56","date_gmt":"2024-11-05T21:53:56","guid":{"rendered":"https:\/\/opusti.com.br\/?page_id=22"},"modified":"2025-11-18T19:21:06","modified_gmt":"2025-11-18T22:21:06","slug":"parcerias","status":"publish","type":"page","link":"https:\/\/opusti.com.br\/index.php\/parcerias\/","title":{"rendered":"Parcerias"},"content":{"rendered":"\n<div class=\"wp-block-cover is-light has-parallax\"><div class=\"wp-block-cover__image-background wp-image-120 has-parallax\" style=\"background-position:50% 50%;background-image:url(https:\/\/opusti.com.br\/wp-content\/uploads\/2024\/11\/business-7111770_1280.jpg)\"><\/div><span aria-hidden=\"true\" class=\"wp-block-cover__background has-background-dim\" style=\"background-color:#a1aab5\"><\/span><div class=\"wp-block-cover__inner-container is-layout-flow wp-block-cover-is-layout-flow\">\n<p class=\"has-text-align-center has-large-font-size\"><\/p>\n\n\n\n<div class=\"wp-block-columns is-layout-flex wp-container-core-columns-is-layout-9d6595d7 wp-block-columns-is-layout-flex\">\n<div class=\"wp-block-column is-layout-flow wp-block-column-is-layout-flow\" style=\"flex-basis:50%\">\n<p class=\"has-white-color has-text-color has-background has-link-color wp-elements-6a502475d8503e9a23826c4d069349d2\" style=\"background-color:#00000061\">As parcerias com empresas especializadas tornam os projetos da Opus TI mais completos e vers\u00e1teis.<\/p>\n<\/div>\n\n\n\n<div class=\"wp-block-column is-layout-flow wp-block-column-is-layout-flow\" style=\"flex-basis:50%\"><\/div>\n<\/div>\n<\/div><\/div>\n\n\n\n<p class=\"has-text-align-center\">A Opus TI enxerga a Tecnologia da Informa\u00e7\u00e3o como ferramenta para aprimorar a forma como as tarefas s\u00e3o realizadas, por este motivo trata a organiza\u00e7\u00e3o como um todo, valorizando as pessoas e aperfei\u00e7oando os processos com o apoio de parcerias firmadas ao longo dos seus 35 anos de mercado.<\/p>\n\n\n\n<div style=\"height:40px\" aria-hidden=\"true\" class=\"wp-block-spacer\"><\/div>\n\n\n\n<div class=\"wp-block-columns is-layout-flex wp-container-core-columns-is-layout-9d6595d7 wp-block-columns-is-layout-flex\">\n<div class=\"wp-block-column is-layout-flow wp-block-column-is-layout-flow\" style=\"flex-basis:33.33%\"><div class=\"wp-block-image is-style-default\">\n<figure class=\"aligncenter size-thumbnail is-resized\"><img loading=\"lazy\" decoding=\"async\" width=\"150\" height=\"150\" src=\"https:\/\/opusti.com.br\/wp-content\/uploads\/2024\/11\/Logo_BrunoFerro-removebg-preview-150x150.png\" alt=\"\" class=\"wp-image-207\" style=\"object-fit:contain;width:200px;height:200px\"\/><\/figure>\n<\/div>\n\n\n<p class=\"has-text-align-center\" style=\"font-size:18px\">Consultoria em Marketing<\/p>\n<\/div>\n\n\n\n<div class=\"wp-block-column is-layout-flow wp-block-column-is-layout-flow\" style=\"flex-basis:33.33%\"><div class=\"wp-block-image is-style-default\">\n<figure class=\"aligncenter size-full is-resized\"><a href=\"https:\/\/www.linkedin.com\/company\/dpaula-consultoria-empresarial-ltda.\/\" target=\"_blank\" rel=\"noreferrer noopener\"><img loading=\"lazy\" decoding=\"async\" width=\"200\" height=\"200\" src=\"https:\/\/opusti.com.br\/wp-content\/uploads\/2024\/11\/dpaula-removebg-preview.png\" alt=\"\" class=\"wp-image-175\" style=\"object-fit:cover;width:184px;height:auto\" srcset=\"https:\/\/opusti.com.br\/wp-content\/uploads\/2024\/11\/dpaula-removebg-preview.png 200w, https:\/\/opusti.com.br\/wp-content\/uploads\/2024\/11\/dpaula-removebg-preview-150x150.png 150w\" sizes=\"auto, (max-width: 200px) 100vw, 200px\" \/><\/a><\/figure>\n<\/div>\n\n\n<p class=\"has-text-align-center\" style=\"font-size:18px\">Consultoria em <br>Gest\u00e3o Empresarial e de Pessoas<\/p>\n<\/div>\n\n\n\n<div class=\"wp-block-column is-layout-flow wp-block-column-is-layout-flow\" style=\"flex-basis:33.33%\"><div class=\"wp-block-image is-style-default\">\n<figure class=\"aligncenter size-full is-resized\"><a href=\"https:\/\/pbndigital.com.br\/\" target=\"_blank\" rel=\"noreferrer noopener\"><img loading=\"lazy\" decoding=\"async\" width=\"730\" height=\"342\" src=\"https:\/\/opusti.com.br\/wp-content\/uploads\/2024\/11\/Logo_PBN-removebg-preview.png\" alt=\"\" class=\"wp-image-208\" style=\"aspect-ratio:1.5;object-fit:contain;width:300px;height:auto\" srcset=\"https:\/\/opusti.com.br\/wp-content\/uploads\/2024\/11\/Logo_PBN-removebg-preview.png 730w, https:\/\/opusti.com.br\/wp-content\/uploads\/2024\/11\/Logo_PBN-removebg-preview-300x141.png 300w\" sizes=\"auto, (max-width: 730px) 100vw, 730px\" \/><\/a><\/figure>\n<\/div>\n\n\n<p class=\"has-text-align-center\" style=\"font-size:18px\">Gest\u00e3o em Sa\u00fade e Inova\u00e7\u00e3o<\/p>\n<\/div>\n<\/div>\n\n\n\n<div class=\"wp-block-columns is-layout-flex wp-container-core-columns-is-layout-9d6595d7 wp-block-columns-is-layout-flex\">\n<div class=\"wp-block-column is-layout-flow wp-block-column-is-layout-flow\" style=\"flex-basis:33.33%\"><div class=\"wp-block-image\">\n<figure class=\"aligncenter size-full is-resized\"><a href=\"http:\/\/kinghost.com.br\" target=\"_blank\" rel=\"noreferrer noopener\"><img loading=\"lazy\" decoding=\"async\" width=\"800\" height=\"800\" src=\"https:\/\/opusti.com.br\/wp-content\/uploads\/2024\/11\/Logo_Kinghost3.png\" alt=\"\" class=\"wp-image-213\" style=\"width:197px;height:auto\" srcset=\"https:\/\/opusti.com.br\/wp-content\/uploads\/2024\/11\/Logo_Kinghost3.png 800w, https:\/\/opusti.com.br\/wp-content\/uploads\/2024\/11\/Logo_Kinghost3-300x300.png 300w, https:\/\/opusti.com.br\/wp-content\/uploads\/2024\/11\/Logo_Kinghost3-150x150.png 150w, https:\/\/opusti.com.br\/wp-content\/uploads\/2024\/11\/Logo_Kinghost3-768x768.png 768w\" sizes=\"auto, (max-width: 800px) 100vw, 800px\" \/><\/a><\/figure>\n<\/div>\n\n\n<p class=\"has-text-align-center\" style=\"font-size:18px\">Hospedagem de Sites<\/p>\n<\/div>\n\n\n\n<div class=\"wp-block-column is-layout-flow wp-block-column-is-layout-flow\" style=\"flex-basis:33.33%\"><div class=\"wp-block-image is-style-default\">\n<figure class=\"aligncenter size-full is-resized\"><img loading=\"lazy\" decoding=\"async\" width=\"1024\" height=\"1024\" src=\"https:\/\/opusti.com.br\/wp-content\/uploads\/2024\/11\/Logo_Branco.png\" alt=\"\" class=\"wp-image-219\" style=\"object-fit:cover;width:200px;height:auto\" srcset=\"https:\/\/opusti.com.br\/wp-content\/uploads\/2024\/11\/Logo_Branco.png 1024w, https:\/\/opusti.com.br\/wp-content\/uploads\/2024\/11\/Logo_Branco-300x300.png 300w, https:\/\/opusti.com.br\/wp-content\/uploads\/2024\/11\/Logo_Branco-150x150.png 150w, https:\/\/opusti.com.br\/wp-content\/uploads\/2024\/11\/Logo_Branco-768x768.png 768w\" sizes=\"auto, (max-width: 1024px) 100vw, 1024px\" \/><\/figure>\n<\/div>\n\n\n<p class=\"has-text-align-center\" style=\"font-size:18px\"><\/p>\n<\/div>\n\n\n\n<div class=\"wp-block-column is-layout-flow wp-block-column-is-layout-flow\" style=\"flex-basis:33.33%\"><div class=\"wp-block-image is-style-default\">\n<figure class=\"aligncenter size-full is-resized\"><a href=\"https:\/\/innoveinformaticasantos.com.br\/\" target=\"_blank\" rel=\"noreferrer noopener\"><img loading=\"lazy\" decoding=\"async\" width=\"331\" height=\"100\" src=\"https:\/\/opusti.com.br\/wp-content\/uploads\/2024\/11\/Logo_Innove-removebg-preview.png\" alt=\"\" class=\"wp-image-212\" style=\"aspect-ratio:1;object-fit:contain;width:198px;height:auto\" srcset=\"https:\/\/opusti.com.br\/wp-content\/uploads\/2024\/11\/Logo_Innove-removebg-preview.png 331w, https:\/\/opusti.com.br\/wp-content\/uploads\/2024\/11\/Logo_Innove-removebg-preview-300x91.png 300w\" sizes=\"auto, (max-width: 331px) 100vw, 331px\" \/><\/a><\/figure>\n<\/div>\n\n\n<p class=\"has-text-align-center\" style=\"font-size:18px\">Equipamentos e Manuten\u00e7\u00e3o<\/p>\n<\/div>\n<\/div>\n\n\n\n<div class=\"wp-block-columns is-layout-flex wp-container-core-columns-is-layout-9d6595d7 wp-block-columns-is-layout-flex\">\n<div class=\"wp-block-column is-layout-flow wp-block-column-is-layout-flow\" style=\"flex-basis:33.33%\"><div class=\"wp-block-image\">\n<figure class=\"aligncenter size-full is-resized\"><a href=\"https:\/\/www.scanrapido.com.br\/\" target=\"_blank\" rel=\"noreferrer noopener\"><img loading=\"lazy\" decoding=\"async\" width=\"189\" height=\"82\" src=\"https:\/\/opusti.com.br\/wp-content\/uploads\/2024\/11\/Logo-Scanrapido-removebg-preview.png\" alt=\"\" class=\"wp-image-217\" style=\"width:297px;height:auto\"\/><\/a><\/figure>\n<\/div>\n\n\n<p class=\"has-text-align-center\" style=\"font-size:18px\"><br>Digitaliza\u00e7\u00e3o de Documentos<\/p>\n<\/div>\n\n\n\n<div class=\"wp-block-column is-layout-flow wp-block-column-is-layout-flow\" style=\"flex-basis:33.33%\"><div class=\"wp-block-image is-style-default\">\n<figure class=\"aligncenter size-full\"><a href=\"https:\/\/rsisistemas.com.br\"><img loading=\"lazy\" decoding=\"async\" width=\"1200\" height=\"514\" src=\"https:\/\/opusti.com.br\/wp-content\/uploads\/2024\/11\/rsi_transparente-e1730898377279.png\" alt=\"\" class=\"wp-image-74\" style=\"object-fit:cover\" srcset=\"https:\/\/opusti.com.br\/wp-content\/uploads\/2024\/11\/rsi_transparente-e1730898377279.png 1200w, https:\/\/opusti.com.br\/wp-content\/uploads\/2024\/11\/rsi_transparente-e1730898377279-300x129.png 300w, https:\/\/opusti.com.br\/wp-content\/uploads\/2024\/11\/rsi_transparente-e1730898377279-1024x439.png 1024w, https:\/\/opusti.com.br\/wp-content\/uploads\/2024\/11\/rsi_transparente-e1730898377279-768x329.png 768w\" sizes=\"auto, (max-width: 1200px) 100vw, 1200px\" \/><\/a><\/figure>\n<\/div>\n\n\n<p class=\"has-text-align-center\" style=\"font-size:18px\">Desenvolvimento de Sistemas<\/p>\n\n\n\n<div class=\"wp-block-group is-vertical is-layout-flex wp-container-core-group-is-layout-8cf370e7 wp-block-group-is-layout-flex\"><\/div>\n<\/div>\n\n\n\n<div class=\"wp-block-column is-layout-flow wp-block-column-is-layout-flow\" style=\"flex-basis:33.33%\"><div class=\"wp-block-image is-style-default\">\n<figure class=\"aligncenter size-full is-resized\"><a href=\"https:\/\/edinhoparamentos.com.br\/\" target=\"_blank\" rel=\"noreferrer noopener\"><img loading=\"lazy\" decoding=\"async\" width=\"150\" height=\"100\" src=\"https:\/\/opusti.com.br\/wp-content\/uploads\/2024\/11\/Logo_Edinho-removebg-preview.png\" alt=\"\" class=\"wp-image-220\" style=\"aspect-ratio:1;object-fit:contain;width:190px;height:auto\"\/><\/a><\/figure>\n<\/div>\n\n\n<p class=\"has-text-align-center\" style=\"font-size:18px\">Paramentos e afins<\/p>\n<\/div>\n<\/div>\n\n\n\n<p><\/p>\n","protected":false},"excerpt":{"rendered":"<p>A Opus TI enxerga a Tecnologia da Informa\u00e7\u00e3o como ferramenta para aprimorar a forma como as tarefas s\u00e3o realizadas, por este motivo trata a organiza\u00e7\u00e3o como um todo, valorizando as pessoas e aperfei\u00e7oando os processos com o apoio de parcerias firmadas ao longo dos seus 35 anos de mercado. Consultoria em Marketing Consultoria em Gest\u00e3o<\/p>\n<p><a href=\"https:\/\/opusti.com.br\/index.php\/parcerias\/\" class=\"more-link\">Ler mais<\/a><\/p>\n","protected":false},"author":1,"featured_media":0,"parent":0,"menu_order":0,"comment_status":"closed","ping_status":"closed","template":"","meta":{"footnotes":""},"class_list":["post-22","page","type-page","status-publish","hentry"],"_links":{"self":[{"href":"https:\/\/opusti.com.br\/index.php\/wp-json\/wp\/v2\/pages\/22","targetHints":{"allow":["GET"]}}],"collection":[{"href":"https:\/\/opusti.com.br\/index.php\/wp-json\/wp\/v2\/pages"}],"about":[{"href":"https:\/\/opusti.com.br\/index.php\/wp-json\/wp\/v2\/types\/page"}],"author":[{"embeddable":true,"href":"https:\/\/opusti.com.br\/index.php\/wp-json\/wp\/v2\/users\/1"}],"replies":[{"embeddable":true,"href":"https:\/\/opusti.com.br\/index.php\/wp-json\/wp\/v2\/comments?post=22"}],"version-history":[{"count":29,"href":"https:\/\/opusti.com.br\/index.php\/wp-json\/wp\/v2\/pages\/22\/revisions"}],"predecessor-version":[{"id":282,"href":"https:\/\/opusti.com.br\/index.php\/wp-json\/wp\/v2\/pages\/22\/revisions\/282"}],"wp:attachment":[{"href":"https:\/\/opusti.com.br\/index.php\/wp-json\/wp\/v2\/media?parent=22"}],"curies":[{"name":"wp","href":"https:\/\/api.w.org\/{rel}","templated":true}]}}