{"id":20,"date":"2024-11-05T18:52:34","date_gmt":"2024-11-05T21:52:34","guid":{"rendered":"https:\/\/opusti.com.br\/?page_id=20"},"modified":"2025-11-18T19:23:41","modified_gmt":"2025-11-18T22:23:41","slug":"projetos","status":"publish","type":"page","link":"https:\/\/opusti.com.br\/index.php\/projetos\/","title":{"rendered":"Projetos"},"content":{"rendered":"\n<div class=\"wp-block-cover is-light has-parallax\"><div class=\"wp-block-cover__image-background wp-image-150 has-parallax\" style=\"background-position:50% 50%;background-image:url(https:\/\/opusti.com.br\/wp-content\/uploads\/2024\/11\/startup-3267505_1280.jpg)\"><\/div><span aria-hidden=\"true\" class=\"wp-block-cover__background has-background-dim-30 has-background-dim\" style=\"background-color:#a6b0bb\"><\/span><div class=\"wp-block-cover__inner-container is-layout-flow wp-block-cover-is-layout-flow\">\n<p class=\"has-text-align-center has-large-font-size\"><\/p>\n\n\n\n<div class=\"wp-block-columns is-layout-flex wp-container-core-columns-is-layout-9d6595d7 wp-block-columns-is-layout-flex\">\n<div class=\"wp-block-column is-layout-flow wp-block-column-is-layout-flow\">\n<p class=\"has-white-color has-text-color has-background has-link-color wp-elements-285d9197efede2fe8a7143f435164ea3\" style=\"background-color:#00000061\">Gerir projetos com efic\u00e1cia \u00e9 o ponto forte da Opus TI. S\u00e3o mais de 100 sistemas desenvolvidos e implantados, com qualidade e satisfa\u00e7\u00e3o.<\/p>\n<\/div>\n\n\n\n<div class=\"wp-block-column is-layout-flow wp-block-column-is-layout-flow\"><\/div>\n<\/div>\n<\/div><\/div>\n\n\n\n<p class=\"has-text-align-center\">Ao longo de 35 anos de servi\u00e7os, foram mais de 100 sistemas desenvolvidos e implantados, al\u00e9m de projetos de consultoria na condu\u00e7\u00e3o de equipes de desenvolvimento e suporte. Estes n\u00fameros mostram a solidez e a qualidade que garantiram a empresas de diversos portes alicer\u00e7ar suas opera\u00e7\u00f5es e estrat\u00e9gias em sistemas robustos e confi\u00e1veis.<\/p>\n\n\n\n<div class=\"wp-block-columns is-layout-flex wp-container-core-columns-is-layout-9d6595d7 wp-block-columns-is-layout-flex\">\n<div class=\"wp-block-column is-layout-flow wp-block-column-is-layout-flow\"><\/div>\n<\/div>\n\n\n\n<div class=\"wp-block-columns is-layout-flex wp-container-core-columns-is-layout-9d6595d7 wp-block-columns-is-layout-flex\">\n<div class=\"wp-block-column is-layout-flow wp-block-column-is-layout-flow\" style=\"flex-basis:40%\"><div class=\"wp-block-image is-style-default\">\n<figure class=\"aligncenter size-full is-resized\"><img loading=\"lazy\" decoding=\"async\" width=\"512\" height=\"512\" src=\"https:\/\/opusti.com.br\/wp-content\/uploads\/2024\/11\/Coracao3.png\" alt=\"\" class=\"wp-image-259\" style=\"object-fit:cover;width:154px;height:auto\" srcset=\"https:\/\/opusti.com.br\/wp-content\/uploads\/2024\/11\/Coracao3.png 512w, https:\/\/opusti.com.br\/wp-content\/uploads\/2024\/11\/Coracao3-300x300.png 300w, https:\/\/opusti.com.br\/wp-content\/uploads\/2024\/11\/Coracao3-150x150.png 150w\" sizes=\"auto, (max-width: 512px) 100vw, 512px\" \/><\/figure>\n<\/div><\/div>\n\n\n\n<div class=\"wp-block-column is-vertically-aligned-center is-layout-flow wp-block-column-is-layout-flow\">\n<h2 class=\"wp-block-heading\">Sa\u00fade<\/h2>\n\n\n\n<div class=\"wp-block-group is-vertical is-layout-flex wp-container-core-group-is-layout-8cf370e7 wp-block-group-is-layout-flex\">\n<p><i class=\"fas fa-circle-check\"><\/i> Cl\u00ednicas,  Hospitais e Laborat\u00f3rios<\/p>\n\n\n\n<p><i class=\"fas fa-circle-check\"><\/i> Anestesiologia<\/p>\n\n\n\n<p><i class=\"fas fa-circle-check\"><\/i> Oncologia<\/p>\n\n\n\n<p><i class=\"fas fa-circle-check\"><\/i> Gastroenterologia e Endoscopia<\/p>\n\n\n\n<p><i class=\"fas fa-circle-check\"><\/i> Psiquiatria<\/p>\n<\/div>\n<\/div>\n<\/div>\n\n\n\n<div class=\"wp-block-columns is-layout-flex wp-container-core-columns-is-layout-9d6595d7 wp-block-columns-is-layout-flex\">\n<div class=\"wp-block-column is-layout-flow wp-block-column-is-layout-flow\" style=\"flex-basis:40%\"><div class=\"wp-block-image is-style-default\">\n<figure class=\"aligncenter size-full is-resized\"><img loading=\"lazy\" decoding=\"async\" width=\"512\" height=\"512\" src=\"https:\/\/opusti.com.br\/wp-content\/uploads\/2024\/11\/Maconaria.png\" alt=\"\" class=\"wp-image-260\" style=\"object-fit:cover;width:180px;height:auto\" srcset=\"https:\/\/opusti.com.br\/wp-content\/uploads\/2024\/11\/Maconaria.png 512w, https:\/\/opusti.com.br\/wp-content\/uploads\/2024\/11\/Maconaria-300x300.png 300w, https:\/\/opusti.com.br\/wp-content\/uploads\/2024\/11\/Maconaria-150x150.png 150w\" sizes=\"auto, (max-width: 512px) 100vw, 512px\" \/><\/figure>\n<\/div><\/div>\n\n\n\n<div class=\"wp-block-column is-vertically-aligned-center is-layout-flow wp-block-column-is-layout-flow\">\n<h2 class=\"wp-block-heading\">Ma\u00e7onaria<\/h2>\n\n\n\n<div class=\"wp-block-group is-vertical is-layout-flex wp-container-core-group-is-layout-8cf370e7 wp-block-group-is-layout-flex\">\n<p><i class=\"fas fa-circle-check\"><\/i> Lojas Ma\u00e7\u00f4nicas<\/p>\n\n\n\n<p><i class=\"fas fa-circle-check\"><\/i> C\u00e2maras Filos\u00f3ficas<\/p>\n\n\n\n<p><i class=\"fas fa-circle-check\"><\/i> Conselhos (Apostolado)<\/p>\n\n\n\n<p><i class=\"fas fa-circle-check\"><\/i> Associa\u00e7\u00f5es (Coliga\u00e7\u00f5es e assemelhados)<\/p>\n<\/div>\n<\/div>\n<\/div>\n\n\n\n<div class=\"wp-block-columns is-layout-flex wp-container-core-columns-is-layout-9d6595d7 wp-block-columns-is-layout-flex\">\n<div class=\"wp-block-column is-layout-flow wp-block-column-is-layout-flow\" style=\"flex-basis:40%\"><div class=\"wp-block-image is-style-default\">\n<figure class=\"aligncenter size-full is-resized\"><img loading=\"lazy\" decoding=\"async\" width=\"256\" height=\"256\" src=\"https:\/\/opusti.com.br\/wp-content\/uploads\/2024\/11\/Comercio4.png\" alt=\"\" class=\"wp-image-261\" style=\"object-fit:cover;width:172px;height:auto\" srcset=\"https:\/\/opusti.com.br\/wp-content\/uploads\/2024\/11\/Comercio4.png 256w, https:\/\/opusti.com.br\/wp-content\/uploads\/2024\/11\/Comercio4-150x150.png 150w\" sizes=\"auto, (max-width: 256px) 100vw, 256px\" \/><\/figure>\n<\/div><\/div>\n\n\n\n<div class=\"wp-block-column is-vertically-aligned-center is-layout-flow wp-block-column-is-layout-flow\">\n<h2 class=\"wp-block-heading\">Outras \u00e1reas<\/h2>\n\n\n\n<div class=\"wp-block-group is-vertical is-layout-flex wp-container-core-group-is-layout-8cf370e7 wp-block-group-is-layout-flex\">\n<p><i class=\"fas fa-circle-check\"><\/i> Controle de processos para produtos qu\u00edmicos, blindados, armas e outros<\/p>\n\n\n\n<p><i class=\"fas fa-circle-check\"><\/i> Com\u00e9rcio (Or\u00e7amentos, Pedidos. Faturamento, Estoque, Obras e servi\u00e7os)<\/p>\n<\/div>\n<\/div>\n<\/div>\n","protected":false},"excerpt":{"rendered":"<p>Ao longo de 35 anos de servi\u00e7os, foram mais de 100 sistemas desenvolvidos e implantados, al\u00e9m de projetos de consultoria na condu\u00e7\u00e3o de equipes de desenvolvimento e suporte. Estes n\u00fameros mostram a solidez e a qualidade que garantiram a empresas de diversos portes alicer\u00e7ar suas opera\u00e7\u00f5es e estrat\u00e9gias em sistemas robustos e confi\u00e1veis. Sa\u00fade Cl\u00ednicas,<\/p>\n<p><a href=\"https:\/\/opusti.com.br\/index.php\/projetos\/\" class=\"more-link\">Ler mais<\/a><\/p>\n","protected":false},"author":1,"featured_media":0,"parent":0,"menu_order":0,"comment_status":"closed","ping_status":"closed","template":"","meta":{"footnotes":""},"class_list":["post-20","page","type-page","status-publish","hentry"],"_links":{"self":[{"href":"https:\/\/opusti.com.br\/index.php\/wp-json\/wp\/v2\/pages\/20","targetHints":{"allow":["GET"]}}],"collection":[{"href":"https:\/\/opusti.com.br\/index.php\/wp-json\/wp\/v2\/pages"}],"about":[{"href":"https:\/\/opusti.com.br\/index.php\/wp-json\/wp\/v2\/types\/page"}],"author":[{"embeddable":true,"href":"https:\/\/opusti.com.br\/index.php\/wp-json\/wp\/v2\/users\/1"}],"replies":[{"embeddable":true,"href":"https:\/\/opusti.com.br\/index.php\/wp-json\/wp\/v2\/comments?post=20"}],"version-history":[{"count":11,"href":"https:\/\/opusti.com.br\/index.php\/wp-json\/wp\/v2\/pages\/20\/revisions"}],"predecessor-version":[{"id":284,"href":"https:\/\/opusti.com.br\/index.php\/wp-json\/wp\/v2\/pages\/20\/revisions\/284"}],"wp:attachment":[{"href":"https:\/\/opusti.com.br\/index.php\/wp-json\/wp\/v2\/media?parent=20"}],"curies":[{"name":"wp","href":"https:\/\/api.w.org\/{rel}","templated":true}]}}