{"id":17,"date":"2024-11-05T18:51:14","date_gmt":"2024-11-05T21:51:14","guid":{"rendered":"https:\/\/opusti.com.br\/?page_id=17"},"modified":"2026-02-03T12:16:04","modified_gmt":"2026-02-03T15:16:04","slug":"servicos","status":"publish","type":"page","link":"https:\/\/opusti.com.br\/index.php\/servicos\/","title":{"rendered":"Servi\u00e7os"},"content":{"rendered":"\n<div class=\"wp-block-columns is-layout-flex wp-container-core-columns-is-layout-9d6595d7 wp-block-columns-is-layout-flex\">\n<div class=\"wp-block-column is-layout-flow wp-block-column-is-layout-flow\" style=\"flex-basis:100%\">\n<div class=\"wp-block-cover has-parallax\"><div class=\"wp-block-cover__image-background wp-image-18 has-parallax\" style=\"background-position:50% 50%;background-image:url(https:\/\/opusti.com.br\/wp-content\/uploads\/2024\/11\/pexels-artempodrez-5716001.jpg)\"><\/div><span aria-hidden=\"true\" class=\"wp-block-cover__background has-background-dim\"><\/span><div class=\"wp-block-cover__inner-container is-layout-flow wp-block-cover-is-layout-flow\">\n<div class=\"wp-block-columns is-layout-flex wp-container-core-columns-is-layout-9d6595d7 wp-block-columns-is-layout-flex\">\n<div class=\"wp-block-column is-layout-flow wp-block-column-is-layout-flow\">\n<p class=\"has-text-align-center has-background has-medium-font-size\" style=\"background-color:#00000061\">A experi\u00eancia, a solidez e o conhecimento acumulado pelos profissionais que atuam na Opus Ti fazem dela uma refer\u00eancia no mercado de servi\u00e7os de Tecnologia da Informa\u00e7\u00e3o<\/p>\n<\/div>\n\n\n\n<div class=\"wp-block-column is-layout-flow wp-block-column-is-layout-flow\"><\/div>\n<\/div>\n<\/div><\/div>\n<\/div>\n<\/div>\n\n\n\n<p class=\"has-text-align-center has-medium-font-size\">Os servi\u00e7os que entregamos aos clientes est\u00e3o alicer\u00e7ados em uma preocupa\u00e7\u00e3o constante com a inova\u00e7\u00e3o tecnol\u00f3gica, a qualidade e a supera\u00e7\u00e3o das expectativas.<\/p>\n\n\n\n<div style=\"height:40px\" aria-hidden=\"true\" class=\"wp-block-spacer\"><\/div>\n\n\n\n<h3 class=\"wp-block-heading\">Desenvolvimento de Sistemas Customizados<\/h3>\n\n\n\n<div class=\"wp-block-columns is-layout-flex wp-container-core-columns-is-layout-9d6595d7 wp-block-columns-is-layout-flex\">\n<div class=\"wp-block-column is-layout-flow wp-block-column-is-layout-flow\" style=\"flex-basis:66.66%\">\n<figure class=\"wp-block-image size-large\"><img loading=\"lazy\" decoding=\"async\" width=\"1024\" height=\"576\" src=\"https:\/\/opusti.com.br\/wp-content\/uploads\/2024\/11\/pexels-artempodrez-5716052-1024x576.jpg\" alt=\"\" class=\"wp-image-76\" style=\"aspect-ratio:4\/3;object-fit:cover\" srcset=\"https:\/\/opusti.com.br\/wp-content\/uploads\/2024\/11\/pexels-artempodrez-5716052-1024x576.jpg 1024w, https:\/\/opusti.com.br\/wp-content\/uploads\/2024\/11\/pexels-artempodrez-5716052-300x169.jpg 300w, https:\/\/opusti.com.br\/wp-content\/uploads\/2024\/11\/pexels-artempodrez-5716052-768x432.jpg 768w, https:\/\/opusti.com.br\/wp-content\/uploads\/2024\/11\/pexels-artempodrez-5716052-1536x864.jpg 1536w, https:\/\/opusti.com.br\/wp-content\/uploads\/2024\/11\/pexels-artempodrez-5716052-2048x1152.jpg 2048w\" sizes=\"auto, (max-width: 1024px) 100vw, 1024px\" \/><\/figure>\n<\/div>\n\n\n\n<div class=\"wp-block-column is-vertically-aligned-center is-layout-flow wp-block-column-is-layout-flow\" style=\"flex-basis:33.33%\">\n<p>Desenvolver sistemas \u00e9 o que move nossa empresa. Ir ao encontro das necessidades de cada cliente e <strong>tratar cada situa\u00e7\u00e3o<\/strong> <strong>de forma especial e individualizada<\/strong> \u00e9 nosso objetivo desde nossa funda\u00e7\u00e3o.<\/p>\n<\/div>\n<\/div>\n\n\n\n<div style=\"height:40px\" aria-hidden=\"true\" class=\"wp-block-spacer\"><\/div>\n\n\n\n<h3 class=\"wp-block-heading\">Cria\u00e7\u00e3o de Websites e Sistemas Web<\/h3>\n\n\n\n<div class=\"wp-block-columns is-layout-flex wp-container-core-columns-is-layout-9d6595d7 wp-block-columns-is-layout-flex\">\n<div class=\"wp-block-column is-vertically-aligned-center is-layout-flow wp-block-column-is-layout-flow\" style=\"flex-basis:33.33%\">\n<p class=\"has-text-align-right\">Desenvolver <em>websites<\/em> e sistemas <em>web<\/em> \u00e9 uma arte e aliar est\u00e9tica, intera\u00e7\u00e3o, performance e as tecnologias mais recentes \u00e9 o que faz das nossas cria\u00e7\u00f5es <strong>ferramentas \u00fateis e vers\u00e1teis<\/strong>.<\/p>\n<\/div>\n\n\n\n<div class=\"wp-block-column is-layout-flow wp-block-column-is-layout-flow\" style=\"flex-basis:66.66%\">\n<figure class=\"wp-block-image size-large\"><img loading=\"lazy\" decoding=\"async\" width=\"1024\" height=\"684\" src=\"https:\/\/opusti.com.br\/wp-content\/uploads\/2024\/11\/pexels-divinetechygirl-1181467_mod-1024x684.png\" alt=\"\" class=\"wp-image-92\" style=\"aspect-ratio:4\/3;object-fit:cover\" srcset=\"https:\/\/opusti.com.br\/wp-content\/uploads\/2024\/11\/pexels-divinetechygirl-1181467_mod-1024x684.png 1024w, https:\/\/opusti.com.br\/wp-content\/uploads\/2024\/11\/pexels-divinetechygirl-1181467_mod-300x200.png 300w, https:\/\/opusti.com.br\/wp-content\/uploads\/2024\/11\/pexels-divinetechygirl-1181467_mod-768x513.png 768w, https:\/\/opusti.com.br\/wp-content\/uploads\/2024\/11\/pexels-divinetechygirl-1181467_mod.png 1279w\" sizes=\"auto, (max-width: 1024px) 100vw, 1024px\" \/><\/figure>\n<\/div>\n<\/div>\n\n\n\n<div style=\"height:40px\" aria-hidden=\"true\" class=\"wp-block-spacer\"><\/div>\n\n\n\n<h3 class=\"wp-block-heading\">Consultoria em TI<\/h3>\n\n\n\n<div class=\"wp-block-columns is-layout-flex wp-container-core-columns-is-layout-9d6595d7 wp-block-columns-is-layout-flex\">\n<div class=\"wp-block-column is-layout-flow wp-block-column-is-layout-flow\" style=\"flex-basis:66.66%\">\n<figure class=\"wp-block-image size-large\"><img loading=\"lazy\" decoding=\"async\" width=\"1024\" height=\"682\" src=\"https:\/\/opusti.com.br\/wp-content\/uploads\/2024\/11\/pexels-linkedin-2182971-1024x682.jpg\" alt=\"\" class=\"wp-image-103\" style=\"aspect-ratio:4\/3;object-fit:cover\" srcset=\"https:\/\/opusti.com.br\/wp-content\/uploads\/2024\/11\/pexels-linkedin-2182971-1024x682.jpg 1024w, https:\/\/opusti.com.br\/wp-content\/uploads\/2024\/11\/pexels-linkedin-2182971-300x200.jpg 300w, https:\/\/opusti.com.br\/wp-content\/uploads\/2024\/11\/pexels-linkedin-2182971-768x512.jpg 768w, https:\/\/opusti.com.br\/wp-content\/uploads\/2024\/11\/pexels-linkedin-2182971.jpg 1280w\" sizes=\"auto, (max-width: 1024px) 100vw, 1024px\" \/><\/figure>\n<\/div>\n\n\n\n<div class=\"wp-block-column is-vertically-aligned-center is-layout-flow wp-block-column-is-layout-flow\" style=\"flex-basis:33.33%\">\n<p>Profissionais com forma\u00e7\u00e3o superior e experi\u00eancia nas \u00e1reas de <strong><strong>G<strong>est\u00e3o Estrat\u00e9gica, Marketing, Recursos Humanos, Sa\u00fade Digital e Tecnologia da Informa\u00e7\u00e3o<\/strong><\/strong><\/strong> conferem \u00e0 Opus TI a credibilidade para assessorar empresas de qualquer porte.<\/p>\n<\/div>\n<\/div>\n\n\n\n<div style=\"height:40px\" aria-hidden=\"true\" class=\"wp-block-spacer\"><\/div>\n\n\n\n<h4 class=\"wp-block-heading\">Pacotes e Sistemas Prontos<\/h4>\n\n\n\n<div class=\"wp-block-columns is-layout-flex wp-container-core-columns-is-layout-9d6595d7 wp-block-columns-is-layout-flex\">\n<div class=\"wp-block-column is-vertically-aligned-center is-layout-flow wp-block-column-is-layout-flow\" style=\"flex-basis:33.33%\">\n<div class=\"wp-block-group is-vertical is-layout-flex wp-container-core-group-is-layout-8cf370e7 wp-block-group-is-layout-flex\">\n<p class=\"has-text-align-right\"> <i class=\"fas fa-circle-check\"><\/i> Conhe\u00e7a o <a class=\"text-decoration-none\" style=\"color: #000;\" href=\"http:\/\/pastmaster.com.br\"><strong>Pastmaster<\/strong><\/a><\/p>\n\n\n\n<p class=\"has-text-align-right\">Sistema de Gest\u00e3o para Lojas Ma\u00e7\u00f4nicas e C\u00e2maras Filos\u00f3ficas<\/p>\n<\/div>\n\n\n\n<p><\/p>\n\n\n\n<div class=\"wp-block-group is-vertical is-layout-flex wp-container-core-group-is-layout-8cf370e7 wp-block-group-is-layout-flex\">\n<p class=\"has-text-align-right\"><i class=\"fas fa-circle-check\"><\/i> Conhe\u00e7a o <a style=\"text-decoration: none; cor: #000;\" href=\"http:\/\/grandmaster.app.br\/sis\"><strong><a class=\"text-decoration-none\" style=\"color: #000;\" href=\"http:\/\/pastmaster.com.br\"><strong>GrandMaster<\/strong><\/a><\/strong><\/a><\/p>\n\n\n\n<p class=\"has-text-align-right\">Sistema de Gest\u00e3o para Associa\u00e7\u00f5es de Lojas Ma\u00e7\u00f4nicas<\/p>\n<\/div>\n<\/div>\n\n\n\n<div class=\"wp-block-column is-layout-flow wp-block-column-is-layout-flow\" style=\"flex-basis:66.66%\">\n<figure class=\"wp-block-image size-large\"><img loading=\"lazy\" decoding=\"async\" width=\"1024\" height=\"747\" src=\"https:\/\/opusti.com.br\/wp-content\/uploads\/2024\/11\/pastmaster_grandmater-1024x747.png\" alt=\"\" class=\"wp-image-246\" style=\"aspect-ratio:4\/3;object-fit:cover\" srcset=\"https:\/\/opusti.com.br\/wp-content\/uploads\/2024\/11\/pastmaster_grandmater-1024x747.png 1024w, https:\/\/opusti.com.br\/wp-content\/uploads\/2024\/11\/pastmaster_grandmater-300x219.png 300w, https:\/\/opusti.com.br\/wp-content\/uploads\/2024\/11\/pastmaster_grandmater-768x561.png 768w, https:\/\/opusti.com.br\/wp-content\/uploads\/2024\/11\/pastmaster_grandmater.png 1396w\" sizes=\"auto, (max-width: 1024px) 100vw, 1024px\" \/><\/figure>\n<\/div>\n<\/div>\n\n\n\n<div style=\"height:40px\" aria-hidden=\"true\" class=\"wp-block-spacer\"><\/div>\n\n\n\n<h3 class=\"wp-block-heading\">Redes e Assist\u00eancia T\u00e9cnica <\/h3>\n\n\n\n<div class=\"wp-block-columns is-layout-flex wp-container-core-columns-is-layout-9d6595d7 wp-block-columns-is-layout-flex\">\n<div class=\"wp-block-column is-layout-flow wp-block-column-is-layout-flow\" style=\"flex-basis:66.66%\">\n<figure class=\"wp-block-image size-full\"><img loading=\"lazy\" decoding=\"async\" width=\"1280\" height=\"853\" src=\"https:\/\/opusti.com.br\/wp-content\/uploads\/2024\/11\/pexels-polina-zimmerman-3747486.jpg\" alt=\"\" class=\"wp-image-243\" style=\"aspect-ratio:4\/3;object-fit:cover\" srcset=\"https:\/\/opusti.com.br\/wp-content\/uploads\/2024\/11\/pexels-polina-zimmerman-3747486.jpg 1280w, https:\/\/opusti.com.br\/wp-content\/uploads\/2024\/11\/pexels-polina-zimmerman-3747486-300x200.jpg 300w, https:\/\/opusti.com.br\/wp-content\/uploads\/2024\/11\/pexels-polina-zimmerman-3747486-1024x682.jpg 1024w, https:\/\/opusti.com.br\/wp-content\/uploads\/2024\/11\/pexels-polina-zimmerman-3747486-768x512.jpg 768w\" sizes=\"auto, (max-width: 1280px) 100vw, 1280px\" \/><\/figure>\n<\/div>\n\n\n\n<div class=\"wp-block-column is-vertically-aligned-center is-layout-flow wp-block-column-is-layout-flow\" style=\"flex-basis:33.33%\">\n<p>Atendimento especializado para administra\u00e7\u00e3o de servidores, redes, atualiza\u00e7\u00f5es de software, verifica\u00e7\u00f5es de seguran\u00e7a e consultoria.<\/p>\n<\/div>\n<\/div>\n\n\n\n<div style=\"height:65px\" aria-hidden=\"true\" class=\"wp-block-spacer\"><\/div>\n\n\n\n<h2 class=\"wp-block-heading\">Avalia\u00e7\u00e3o de Software<\/h2>\n\n\n\n<div class=\"wp-block-columns is-layout-flex wp-container-core-columns-is-layout-9d6595d7 wp-block-columns-is-layout-flex\">\n<div class=\"wp-block-column is-vertically-aligned-center is-layout-flow wp-block-column-is-layout-flow\" style=\"flex-basis:33.33%\">\n<p class=\"has-text-align-right\">Com foco na satisfa\u00e7\u00e3o dos usu\u00e1rios, na performance do software, na usabilidade, e outros fatores, que com testes pr\u00e1ticos, buscam a efici\u00eancia e a qualidade da experi\u00eancia.<\/p>\n<\/div>\n\n\n\n<div class=\"wp-block-column is-layout-flow wp-block-column-is-layout-flow\" style=\"flex-basis:66.66%\">\n<figure class=\"wp-block-image size-large\"><img loading=\"lazy\" decoding=\"async\" width=\"1024\" height=\"683\" src=\"https:\/\/opusti.com.br\/wp-content\/uploads\/2026\/02\/pexels-dkomov-34803990-1024x683.jpg\" alt=\"\" class=\"wp-image-290\" srcset=\"https:\/\/opusti.com.br\/wp-content\/uploads\/2026\/02\/pexels-dkomov-34803990-1024x683.jpg 1024w, https:\/\/opusti.com.br\/wp-content\/uploads\/2026\/02\/pexels-dkomov-34803990-300x200.jpg 300w, https:\/\/opusti.com.br\/wp-content\/uploads\/2026\/02\/pexels-dkomov-34803990-768x512.jpg 768w, https:\/\/opusti.com.br\/wp-content\/uploads\/2026\/02\/pexels-dkomov-34803990-1536x1024.jpg 1536w, https:\/\/opusti.com.br\/wp-content\/uploads\/2026\/02\/pexels-dkomov-34803990-2048x1365.jpg 2048w\" sizes=\"auto, (max-width: 1024px) 100vw, 1024px\" \/><\/figure>\n<\/div>\n<\/div>\n\n\n\n<p><\/p>\n","protected":false},"excerpt":{"rendered":"<p>Os servi\u00e7os que entregamos aos clientes est\u00e3o alicer\u00e7ados em uma preocupa\u00e7\u00e3o constante com a inova\u00e7\u00e3o tecnol\u00f3gica, a qualidade e a supera\u00e7\u00e3o das expectativas. Desenvolvimento de Sistemas Customizados Desenvolver sistemas \u00e9 o que move nossa empresa. Ir ao encontro das necessidades de cada cliente e tratar cada situa\u00e7\u00e3o de forma especial e individualizada \u00e9 nosso objetivo<\/p>\n<p><a href=\"https:\/\/opusti.com.br\/index.php\/servicos\/\" class=\"more-link\">Ler mais<\/a><\/p>\n","protected":false},"author":1,"featured_media":0,"parent":0,"menu_order":0,"comment_status":"closed","ping_status":"closed","template":"","meta":{"footnotes":""},"class_list":["post-17","page","type-page","status-publish","hentry"],"_links":{"self":[{"href":"https:\/\/opusti.com.br\/index.php\/wp-json\/wp\/v2\/pages\/17","targetHints":{"allow":["GET"]}}],"collection":[{"href":"https:\/\/opusti.com.br\/index.php\/wp-json\/wp\/v2\/pages"}],"about":[{"href":"https:\/\/opusti.com.br\/index.php\/wp-json\/wp\/v2\/types\/page"}],"author":[{"embeddable":true,"href":"https:\/\/opusti.com.br\/index.php\/wp-json\/wp\/v2\/users\/1"}],"replies":[{"embeddable":true,"href":"https:\/\/opusti.com.br\/index.php\/wp-json\/wp\/v2\/comments?post=17"}],"version-history":[{"count":24,"href":"https:\/\/opusti.com.br\/index.php\/wp-json\/wp\/v2\/pages\/17\/revisions"}],"predecessor-version":[{"id":291,"href":"https:\/\/opusti.com.br\/index.php\/wp-json\/wp\/v2\/pages\/17\/revisions\/291"}],"wp:attachment":[{"href":"https:\/\/opusti.com.br\/index.php\/wp-json\/wp\/v2\/media?parent=17"}],"curies":[{"name":"wp","href":"https:\/\/api.w.org\/{rel}","templated":true}]}}